{"id":53,"date":"2023-07-24T13:13:57","date_gmt":"2023-07-24T11:13:57","guid":{"rendered":"https:\/\/isp-serviceplus.de\/?page_id=53"},"modified":"2023-07-24T13:17:48","modified_gmt":"2023-07-24T11:17:48","slug":"virtuelle-server","status":"publish","type":"page","link":"https:\/\/isp-serviceplus.de\/?page_id=53","title":{"rendered":"virtuelle Server"},"content":{"rendered":"\n<h3 class=\"wp-block-heading\"><strong>Unsere virtuelle Premium-Server-L\u00f6sung ist ideal f\u00fcr anspruchsvollere Kunden und bieten Qualit\u00e4t und Leistung zu erschwinglichen Preisen.<\/strong><br><br>Die Plattform basiert auf OPEN-VZ, kombiniert mit schnellen Netzwerkspeichern, aufgebaut. Fehler oder St\u00f6rungen an einem Hardware-Knoten l\u00f6sen einen Neustart Ihrer virtuellen Server-Instanz, \u00fcber einen anderen Knoten, aus, wodurch die Ausfallzeit minimiert wird. Unsere V-Server bieten ein hohes Ma\u00df an Flexibilit\u00e4t und Zuverl\u00e4ssigkeit zu einem g\u00fcnstigen Preis. Der vServer im Tarif &#8222;BASIC&#8220; bietet den idealen Einstieg zu einem eigenen Server. Dieser vServer eignet sich vor allem f\u00fcr kleinere Webanwendungen im privaten Bereich.<\/h3>\n\n\n\n<p><strong>Aktuelles Angebot f\u00fcr vServer<\/strong><\/p>\n\n\n\n<p>virtuelle Hardware<br>Prozessor (CPU) 1 CPU Core<br>Architektur 32Bit kompatibel<br>Arbeitsspeicher (garantiert) 512 MB (dynamisch) 1024 MB<br>Festplatte 30 GB<br>Netzwerkkarte 100 Mbit\/s<\/p>\n\n\n\n<p>Netzwerk + Traffic<br>Netzwerkanbindung 100 Mbit\/s<br>Bandbreite 100 Mbit\/s<br>Traffic unlimited<\/p>\n\n\n\n<p>Linux Betriebssysteme (ander auch auf Anfrage)<\/p>\n\n\n\n<p>AltLinux 5.1<br>Debian 5\/6<br>Debian 6.0 \/ 7.0<br>CentOS 6.0<br>FedoraCore 18<br>OpenSuSE 12.3<br>Ubuntu 10.04 LAMP<br>Ubuntu 13.04<\/p>\n\n\n\n<p><strong>inklusive Dienstleistungen:<br><\/strong><br>24&#215;7 Reset \u00fcber Webinterface ja<br>24&#215;7 Reinstall \u00fcber Webinterface ja<br>24&#215;7 Betriebssystemwechsel \u00fcber Webinterface ja<br>reverse DNS ja<br>Anzeige Trafficverbrauch ja<br>feste IP (IPv4) 1 St\u00fcck<br>FTP-Backup 10 GB<br>VPN-Support ja<br>FUSE-Support<\/p>\n\n\n\n<p>Abrechnungsintervall ist im Voraus f\u00fcr die Vertragslaufzeit per Vorkasse der ersten Rechnung mit Paypal oder Moneybookers. Preis pro Monat zzgl. einer einmaligen Einrichtungsgeb\u00fchr ab 0,- EUR. Bitte beachten Sie die Leistungs- und Preisauszeichnung der jeweiligen Angebote. Alle Preise inkl. MWSt. und eine Mindestvertragslaufzeit je nach Tarif ab 1 Monat. Es gelten unsere AGB. Technische \u00c4nderungen und Irrt\u00fcmer vorbehalten.<\/p>\n\n\n\n<p>Vertragslaufzeit \/ K\u00fcndigungsfrist \/ Preis pro Monat \/ Einrichtungsgeb\u00fchr<br>12 Monate \/ 3 Monate = monatlich 7.90 EUR zuz\u00fcglich Einrichtungsgeb\u00fchr 9,90 EUR.<br>3 Monate \/ 1 Monat = monatlich 7.90 EUR zuz\u00fcglich Einrichtungsgeb\u00fchr 19,90 EUR.<br>1 Monat \/ 1 Monat = monatlich 7.90 EUR zuz\u00fcglich Einrichtungsgeb\u00fchr 29,90 EUR.<\/p>\n\n\n\n<p>Neubestellungen werden nach Eingang des ersten Rechnungsbetrages bearbeitet und bereitgestellt. Das gilt auch f\u00fcr Bestandskunden, sofern nicht gen\u00fcgend Guthaben auf Ihrem Kundenkonto vorhanden ist. Top Level Domains werden nach Bezahlung beantragt. Freewebhosting und IRC Dienste sind nicht erlaubt. Betreiber von Erotikseiten sind verpflichtet ihre Seiten durch ein geeignetes und anerkanntes Jugendschutzsystem gegen unbefugte zu sichern.<br>F\u00fcr Betriebssysteme und Webinterfaces geben wir keinen kostenlosen Support. Produktnamen, Logos und Markenrechte liegen bei den jeweiligen Herstellern auch wenn diese nicht extra gekennzeichnet wurden.<\/p>\n\n\n\n<p>Top Level Domain`s ab 3.00 Euro im Monat<\/p>\n","protected":false},"excerpt":{"rendered":"<p>Unsere virtuelle Premium-Server-L\u00f6sung ist ideal f\u00fcr anspruchsvollere Kunden und bieten Qualit\u00e4t und Leistung zu erschwinglichen Preisen. Die Plattform basiert auf OPEN-VZ, kombiniert mit schnellen Netzwerkspeichern, aufgebaut. Fehler oder St\u00f6rungen an einem Hardware-Knoten l\u00f6sen einen Neustart Ihrer virtuellen Server-Instanz, \u00fcber einen anderen Knoten, aus, wodurch die Ausfallzeit minimiert wird. Unsere V-Server bieten ein hohes Ma\u00df an [&hellip;]<\/p>\n","protected":false},"author":1,"featured_media":0,"parent":48,"menu_order":0,"comment_status":"closed","ping_status":"closed","template":"","meta":{"footnotes":""},"class_list":["post-53","page","type-page","status-publish","hentry"],"_links":{"self":[{"href":"https:\/\/isp-serviceplus.de\/index.php?rest_route=\/wp\/v2\/pages\/53","targetHints":{"allow":["GET"]}}],"collection":[{"href":"https:\/\/isp-serviceplus.de\/index.php?rest_route=\/wp\/v2\/pages"}],"about":[{"href":"https:\/\/isp-serviceplus.de\/index.php?rest_route=\/wp\/v2\/types\/page"}],"author":[{"embeddable":true,"href":"https:\/\/isp-serviceplus.de\/index.php?rest_route=\/wp\/v2\/users\/1"}],"replies":[{"embeddable":true,"href":"https:\/\/isp-serviceplus.de\/index.php?rest_route=%2Fwp%2Fv2%2Fcomments&post=53"}],"version-history":[{"count":1,"href":"https:\/\/isp-serviceplus.de\/index.php?rest_route=\/wp\/v2\/pages\/53\/revisions"}],"predecessor-version":[{"id":54,"href":"https:\/\/isp-serviceplus.de\/index.php?rest_route=\/wp\/v2\/pages\/53\/revisions\/54"}],"up":[{"embeddable":true,"href":"https:\/\/isp-serviceplus.de\/index.php?rest_route=\/wp\/v2\/pages\/48"}],"wp:attachment":[{"href":"https:\/\/isp-serviceplus.de\/index.php?rest_route=%2Fwp%2Fv2%2Fmedia&parent=53"}],"curies":[{"name":"wp","href":"https:\/\/api.w.org\/{rel}","templated":true}]}}